{"id":22689,"date":"2025-02-24T20:23:32","date_gmt":"2025-02-24T20:23:32","guid":{"rendered":"https:\/\/maishamemafoundation.org\/?page_id=22689"},"modified":"2025-06-09T15:49:47","modified_gmt":"2025-06-09T15:49:47","slug":"gardern-project","status":"publish","type":"page","link":"https:\/\/maishamemafoundation.org\/de\/gardern-project\/","title":{"rendered":"gardern project"},"content":{"rendered":"<div data-elementor-type=\"wp-page\" data-elementor-id=\"22689\" class=\"elementor elementor-22689\" data-elementor-post-type=\"page\">\n\t\t\t\t<div class=\"elementor-element elementor-element-11a95b3 e-flex e-con-boxed e-con e-parent\" data-id=\"11a95b3\" data-element_type=\"container\" data-e-type=\"container\" data-settings=\"{&quot;background_background&quot;:&quot;classic&quot;}\">\n\t\t\t\t\t<div class=\"e-con-inner\">\n\t\t<div class=\"elementor-element elementor-element-084d3c2 e-con-full e-flex e-con e-child\" data-id=\"084d3c2\" data-element_type=\"container\" data-e-type=\"container\">\n\t\t\t\t<div class=\"elementor-element elementor-element-7bd6e26 elementor-widget elementor-widget-heading\" data-id=\"7bd6e26\" data-element_type=\"widget\" data-e-type=\"widget\" data-widget_type=\"heading.default\">\n\t\t\t\t<div class=\"elementor-widget-container\">\n\t\t\t\t\t<h2 class=\"elementor-heading-title elementor-size-default\">Gartenprojekte<\/h2>\t\t\t\t<\/div>\n\t\t\t\t<\/div>\n\t\t\t\t<div class=\"elementor-element elementor-element-91ac24e elementor-widget elementor-widget-text-editor\" data-id=\"91ac24e\" data-element_type=\"widget\" data-e-type=\"widget\" data-widget_type=\"text-editor.default\">\n\t\t\t\t<div class=\"elementor-widget-container\">\n\t\t\t\t\t\t\t\t\t<p>Die aktuelle Situation der Preisinflation und des Klimawandels zwingt uns zum Handeln. Noch nie in unserer fast zehnj\u00e4hrigen T\u00e4tigkeit haben wir so viele unterern\u00e4hrte Kinder und Erwachsene gesehen. Die Lebensmittelpreise sind so stark gestiegen, dass sie f\u00fcr viele unerschwinglich werden, und gleichzeitig fallen immer weniger oder zu viele Niederschl\u00e4ge. Wir f\u00fchlen uns verpflichtet, diesen Problemen mit Lehrg\u00e4rten und Bew\u00e4sserungssystemen entgegenzuwirken und zuk\u00fcnftige Gartenprojekte zur Einkommens- und Arbeitsplatzschaffung in Betracht zu ziehen.<\/p>\t\t\t\t\t\t\t\t<\/div>\n\t\t\t\t<\/div>\n\t\t\t\t<div class=\"elementor-element elementor-element-45e1134 elementor-widget elementor-widget-image\" data-id=\"45e1134\" data-element_type=\"widget\" data-e-type=\"widget\" data-widget_type=\"image.default\">\n\t\t\t\t<div class=\"elementor-widget-container\">\n\t\t\t\t\t\t\t\t\t\t\t\t\t\t\t<img decoding=\"async\" src=\"https:\/\/maishamemafoundation.org\/wp-content\/uploads\/2024\/06\/IMG_0842-scaled.jpg\" title=\"\" alt=\"\" loading=\"lazy\" \/>\t\t\t\t\t\t\t\t\t\t\t\t\t\t\t<\/div>\n\t\t\t\t<\/div>\n\t\t\t\t<\/div>\n\t\t\t\t\t<\/div>\n\t\t\t\t<\/div>\n\t\t\t\t<\/div>","protected":false},"excerpt":{"rendered":"<p>Garden Projects The current situation of price inflation and climate change compels us to react. Never before in our almost 10 years of activity have we seen so many malnourished [&hellip;]<\/p>\n","protected":false},"author":2,"featured_media":0,"parent":0,"menu_order":0,"comment_status":"closed","ping_status":"closed","template":"","meta":{"_acf_changed":false,"give_campaign_id":0,"footnotes":""},"class_list":["post-22689","page","type-page","status-publish","hentry"],"acf":[],"yoast_head":"<!-- This site is optimized with the Yoast SEO plugin v27.4 - https:\/\/yoast.com\/product\/yoast-seo-wordpress\/ -->\n<title>gardern project - Maisha Mema<\/title>\n<meta name=\"robots\" content=\"index, follow, max-snippet:-1, max-image-preview:large, max-video-preview:-1\" \/>\n<link rel=\"canonical\" href=\"https:\/\/maishamemafoundation.org\/de\/gardern-project\/\" \/>\n<meta property=\"og:locale\" content=\"de_DE\" \/>\n<meta property=\"og:type\" content=\"article\" \/>\n<meta property=\"og:title\" content=\"gardern project - Maisha Mema\" \/>\n<meta property=\"og:description\" content=\"Garden Projects The current situation of price inflation and climate change compels us to react. Never before in our almost 10 years of activity have we seen so many malnourished [&hellip;]\" \/>\n<meta property=\"og:url\" content=\"https:\/\/maishamemafoundation.org\/de\/gardern-project\/\" \/>\n<meta property=\"og:site_name\" content=\"Maisha Mema\" \/>\n<meta property=\"article:modified_time\" content=\"2025-06-09T15:49:47+00:00\" \/>\n<meta property=\"og:image\" content=\"https:\/\/maishamemafoundation.org\/wp-content\/uploads\/2024\/06\/IMG_0842-scaled.jpg\" \/>\n<meta name=\"twitter:card\" content=\"summary_large_image\" \/>\n<meta name=\"twitter:label1\" content=\"Gesch\u00e4tzte Lesezeit\" \/>\n\t<meta name=\"twitter:data1\" content=\"1\u00a0Minute\" \/>\n<script type=\"application\/ld+json\" class=\"yoast-schema-graph\">{\"@context\":\"https:\\\/\\\/schema.org\",\"@graph\":[{\"@type\":\"WebPage\",\"@id\":\"https:\\\/\\\/maishamemafoundation.org\\\/gardern-project\\\/\",\"url\":\"https:\\\/\\\/maishamemafoundation.org\\\/gardern-project\\\/\",\"name\":\"gardern project - Maisha Mema\",\"isPartOf\":{\"@id\":\"https:\\\/\\\/maishamemafoundation.org\\\/#website\"},\"primaryImageOfPage\":{\"@id\":\"https:\\\/\\\/maishamemafoundation.org\\\/gardern-project\\\/#primaryimage\"},\"image\":{\"@id\":\"https:\\\/\\\/maishamemafoundation.org\\\/gardern-project\\\/#primaryimage\"},\"thumbnailUrl\":\"https:\\\/\\\/maishamemafoundation.org\\\/wp-content\\\/uploads\\\/2024\\\/06\\\/IMG_0842-scaled.jpg\",\"datePublished\":\"2025-02-24T20:23:32+00:00\",\"dateModified\":\"2025-06-09T15:49:47+00:00\",\"inLanguage\":\"de-CH\",\"potentialAction\":[{\"@type\":\"ReadAction\",\"target\":[\"https:\\\/\\\/maishamemafoundation.org\\\/gardern-project\\\/\"]}]},{\"@type\":\"ImageObject\",\"inLanguage\":\"de-CH\",\"@id\":\"https:\\\/\\\/maishamemafoundation.org\\\/gardern-project\\\/#primaryimage\",\"url\":\"https:\\\/\\\/maishamemafoundation.org\\\/wp-content\\\/uploads\\\/2024\\\/06\\\/IMG_0842-scaled.jpg\",\"contentUrl\":\"https:\\\/\\\/maishamemafoundation.org\\\/wp-content\\\/uploads\\\/2024\\\/06\\\/IMG_0842-scaled.jpg\"},{\"@type\":\"WebSite\",\"@id\":\"https:\\\/\\\/maishamemafoundation.org\\\/#website\",\"url\":\"https:\\\/\\\/maishamemafoundation.org\\\/\",\"name\":\"Maisha Mema\",\"description\":\"\",\"publisher\":{\"@id\":\"https:\\\/\\\/maishamemafoundation.org\\\/#organization\"},\"potentialAction\":[{\"@type\":\"SearchAction\",\"target\":{\"@type\":\"EntryPoint\",\"urlTemplate\":\"https:\\\/\\\/maishamemafoundation.org\\\/?s={search_term_string}\"},\"query-input\":{\"@type\":\"PropertyValueSpecification\",\"valueRequired\":true,\"valueName\":\"search_term_string\"}}],\"inLanguage\":\"de-CH\"},{\"@type\":\"Organization\",\"@id\":\"https:\\\/\\\/maishamemafoundation.org\\\/#organization\",\"name\":\"Maisha Mema\",\"url\":\"https:\\\/\\\/maishamemafoundation.org\\\/\",\"logo\":{\"@type\":\"ImageObject\",\"inLanguage\":\"de-CH\",\"@id\":\"https:\\\/\\\/maishamemafoundation.org\\\/#\\\/schema\\\/logo\\\/image\\\/\",\"url\":\"https:\\\/\\\/maishamemafoundation.org\\\/wp-content\\\/uploads\\\/2020\\\/08\\\/logo.png\",\"contentUrl\":\"https:\\\/\\\/maishamemafoundation.org\\\/wp-content\\\/uploads\\\/2020\\\/08\\\/logo.png\",\"width\":832,\"height\":262,\"caption\":\"Maisha Mema\"},\"image\":{\"@id\":\"https:\\\/\\\/maishamemafoundation.org\\\/#\\\/schema\\\/logo\\\/image\\\/\"}}]}<\/script>\n<!-- \/ Yoast SEO plugin. -->","yoast_head_json":{"title":"gardern project - Maisha Mema","robots":{"index":"index","follow":"follow","max-snippet":"max-snippet:-1","max-image-preview":"max-image-preview:large","max-video-preview":"max-video-preview:-1"},"canonical":"https:\/\/maishamemafoundation.org\/de\/gardern-project\/","og_locale":"de_DE","og_type":"article","og_title":"gardern project - Maisha Mema","og_description":"Garden Projects The current situation of price inflation and climate change compels us to react. Never before in our almost 10 years of activity have we seen so many malnourished [&hellip;]","og_url":"https:\/\/maishamemafoundation.org\/de\/gardern-project\/","og_site_name":"Maisha Mema","article_modified_time":"2025-06-09T15:49:47+00:00","og_image":[{"url":"https:\/\/maishamemafoundation.org\/wp-content\/uploads\/2024\/06\/IMG_0842-scaled.jpg","type":"","width":"","height":""}],"twitter_card":"summary_large_image","twitter_misc":{"Gesch\u00e4tzte Lesezeit":"1\u00a0Minute"},"schema":{"@context":"https:\/\/schema.org","@graph":[{"@type":"WebPage","@id":"https:\/\/maishamemafoundation.org\/gardern-project\/","url":"https:\/\/maishamemafoundation.org\/gardern-project\/","name":"gardern project - Maisha Mema","isPartOf":{"@id":"https:\/\/maishamemafoundation.org\/#website"},"primaryImageOfPage":{"@id":"https:\/\/maishamemafoundation.org\/gardern-project\/#primaryimage"},"image":{"@id":"https:\/\/maishamemafoundation.org\/gardern-project\/#primaryimage"},"thumbnailUrl":"https:\/\/maishamemafoundation.org\/wp-content\/uploads\/2024\/06\/IMG_0842-scaled.jpg","datePublished":"2025-02-24T20:23:32+00:00","dateModified":"2025-06-09T15:49:47+00:00","inLanguage":"de-CH","potentialAction":[{"@type":"ReadAction","target":["https:\/\/maishamemafoundation.org\/gardern-project\/"]}]},{"@type":"ImageObject","inLanguage":"de-CH","@id":"https:\/\/maishamemafoundation.org\/gardern-project\/#primaryimage","url":"https:\/\/maishamemafoundation.org\/wp-content\/uploads\/2024\/06\/IMG_0842-scaled.jpg","contentUrl":"https:\/\/maishamemafoundation.org\/wp-content\/uploads\/2024\/06\/IMG_0842-scaled.jpg"},{"@type":"WebSite","@id":"https:\/\/maishamemafoundation.org\/#website","url":"https:\/\/maishamemafoundation.org\/","name":"Maisha Mema","description":"","publisher":{"@id":"https:\/\/maishamemafoundation.org\/#organization"},"potentialAction":[{"@type":"SearchAction","target":{"@type":"EntryPoint","urlTemplate":"https:\/\/maishamemafoundation.org\/?s={search_term_string}"},"query-input":{"@type":"PropertyValueSpecification","valueRequired":true,"valueName":"search_term_string"}}],"inLanguage":"de-CH"},{"@type":"Organization","@id":"https:\/\/maishamemafoundation.org\/#organization","name":"Maisha Mema","url":"https:\/\/maishamemafoundation.org\/","logo":{"@type":"ImageObject","inLanguage":"de-CH","@id":"https:\/\/maishamemafoundation.org\/#\/schema\/logo\/image\/","url":"https:\/\/maishamemafoundation.org\/wp-content\/uploads\/2020\/08\/logo.png","contentUrl":"https:\/\/maishamemafoundation.org\/wp-content\/uploads\/2020\/08\/logo.png","width":832,"height":262,"caption":"Maisha Mema"},"image":{"@id":"https:\/\/maishamemafoundation.org\/#\/schema\/logo\/image\/"}}]}},"campaignId":"","_links":{"self":[{"href":"https:\/\/maishamemafoundation.org\/de\/wp-json\/wp\/v2\/pages\/22689","targetHints":{"allow":["GET"]}}],"collection":[{"href":"https:\/\/maishamemafoundation.org\/de\/wp-json\/wp\/v2\/pages"}],"about":[{"href":"https:\/\/maishamemafoundation.org\/de\/wp-json\/wp\/v2\/types\/page"}],"author":[{"embeddable":true,"href":"https:\/\/maishamemafoundation.org\/de\/wp-json\/wp\/v2\/users\/2"}],"replies":[{"embeddable":true,"href":"https:\/\/maishamemafoundation.org\/de\/wp-json\/wp\/v2\/comments?post=22689"}],"version-history":[{"count":16,"href":"https:\/\/maishamemafoundation.org\/de\/wp-json\/wp\/v2\/pages\/22689\/revisions"}],"predecessor-version":[{"id":23077,"href":"https:\/\/maishamemafoundation.org\/de\/wp-json\/wp\/v2\/pages\/22689\/revisions\/23077"}],"wp:attachment":[{"href":"https:\/\/maishamemafoundation.org\/de\/wp-json\/wp\/v2\/media?parent=22689"}],"curies":[{"name":"wp","href":"https:\/\/api.w.org\/{rel}","templated":true}]}}