{"id":22702,"date":"2025-02-24T20:39:17","date_gmt":"2025-02-24T20:39:17","guid":{"rendered":"https:\/\/maishamemafoundation.org\/?page_id=22702"},"modified":"2025-06-09T14:42:57","modified_gmt":"2025-06-09T14:42:57","slug":"emergency-fund","status":"publish","type":"page","link":"https:\/\/maishamemafoundation.org\/de\/emergency-fund\/","title":{"rendered":"Notfallfonds"},"content":{"rendered":"<div data-elementor-type=\"wp-page\" data-elementor-id=\"22702\" class=\"elementor elementor-22702\" data-elementor-post-type=\"page\">\n\t\t\t\t<div class=\"elementor-element elementor-element-c58e593 e-flex e-con-boxed e-con e-parent\" data-id=\"c58e593\" data-element_type=\"container\" data-e-type=\"container\" data-settings=\"{&quot;background_background&quot;:&quot;classic&quot;}\">\n\t\t\t\t\t<div class=\"e-con-inner\">\n\t\t<div class=\"elementor-element elementor-element-cfcf32e e-con-full e-flex e-con e-child\" data-id=\"cfcf32e\" data-element_type=\"container\" data-e-type=\"container\">\n\t\t\t\t<div class=\"elementor-element elementor-element-ad207b4 elementor-widget elementor-widget-heading\" data-id=\"ad207b4\" data-element_type=\"widget\" data-e-type=\"widget\" data-widget_type=\"heading.default\">\n\t\t\t\t<div class=\"elementor-widget-container\">\n\t\t\t\t\t<h2 class=\"elementor-heading-title elementor-size-default\">Notfallfonds<\/h2>\t\t\t\t<\/div>\n\t\t\t\t<\/div>\n\t\t\t\t<div class=\"elementor-element elementor-element-6e7b681 elementor-widget elementor-widget-text-editor\" data-id=\"6e7b681\" data-element_type=\"widget\" data-e-type=\"widget\" data-widget_type=\"text-editor.default\">\n\t\t\t\t<div class=\"elementor-widget-container\">\n\t\t\t\t\t\t\t\t\t<p>Unser Notfallfonds unterst\u00fctzt alle Patientinnen und Patienten, die f\u00fcr ihre Behandlung nicht aufkommen k\u00f6nnen. Zum Beispiel chronisch Kranke oder solche, die eine lebensrettende Operation oder einen Krankenhausaufenthalt ben\u00f6tigen. Diese Patientinnen und Patienten werden nach einer detaillierten Anamnese ihres sozialen und finanziellen Hintergrunds sorgf\u00e4ltig ausgew\u00e4hlt.<\/p>\t\t\t\t\t\t\t\t<\/div>\n\t\t\t\t<\/div>\n\t\t\t\t<div class=\"elementor-element elementor-element-be6462f elementor-widget elementor-widget-image\" data-id=\"be6462f\" data-element_type=\"widget\" data-e-type=\"widget\" data-widget_type=\"image.default\">\n\t\t\t\t<div class=\"elementor-widget-container\">\n\t\t\t\t\t\t\t\t\t\t\t\t\t\t\t<img fetchpriority=\"high\" decoding=\"async\" width=\"597\" height=\"444\" src=\"https:\/\/maishamemafoundation.org\/wp-content\/uploads\/2025\/06\/1000069327-Copy-1.jpg\" class=\"attachment-large size-large wp-image-23024\" alt=\"\" srcset=\"https:\/\/maishamemafoundation.org\/wp-content\/uploads\/2025\/06\/1000069327-Copy-1.jpg 597w, https:\/\/maishamemafoundation.org\/wp-content\/uploads\/2025\/06\/1000069327-Copy-1-300x223.jpg 300w, https:\/\/maishamemafoundation.org\/wp-content\/uploads\/2025\/06\/1000069327-Copy-1-16x12.jpg 16w\" sizes=\"(max-width: 597px) 100vw, 597px\" \/>\t\t\t\t\t\t\t\t\t\t\t\t\t\t\t<\/div>\n\t\t\t\t<\/div>\n\t\t\t\t<\/div>\n\t\t\t\t\t<\/div>\n\t\t\t\t<\/div>\n\t\t\t\t<\/div>","protected":false},"excerpt":{"rendered":"<p>Emergency Fund\u200b Our emergency fund supports all patients without means of paying for their treatment. Such as chronically ill patients or those in need of a life saving operation or [&hellip;]<\/p>\n","protected":false},"author":2,"featured_media":0,"parent":0,"menu_order":0,"comment_status":"closed","ping_status":"closed","template":"","meta":{"_acf_changed":false,"give_campaign_id":0,"footnotes":""},"class_list":["post-22702","page","type-page","status-publish","hentry"],"acf":[],"yoast_head":"<!-- This site is optimized with the Yoast SEO plugin v27.4 - https:\/\/yoast.com\/product\/yoast-seo-wordpress\/ -->\n<title>Emergency Fund\u200b - Maisha Mema<\/title>\n<meta name=\"robots\" content=\"index, follow, max-snippet:-1, max-image-preview:large, max-video-preview:-1\" \/>\n<link rel=\"canonical\" href=\"https:\/\/maishamemafoundation.org\/de\/emergency-fund\/\" \/>\n<meta property=\"og:locale\" content=\"de_DE\" \/>\n<meta property=\"og:type\" content=\"article\" \/>\n<meta property=\"og:title\" content=\"Emergency Fund\u200b - Maisha Mema\" \/>\n<meta property=\"og:description\" content=\"Emergency Fund\u200b Our emergency fund supports all patients without means of paying for their treatment. Such as chronically ill patients or those in need of a life saving operation or [&hellip;]\" \/>\n<meta property=\"og:url\" content=\"https:\/\/maishamemafoundation.org\/de\/emergency-fund\/\" \/>\n<meta property=\"og:site_name\" content=\"Maisha Mema\" \/>\n<meta property=\"article:modified_time\" content=\"2025-06-09T14:42:57+00:00\" \/>\n<meta property=\"og:image\" content=\"https:\/\/maishamemafoundation.org\/wp-content\/uploads\/2025\/06\/1000069327-Copy-1.jpg\" \/>\n\t<meta property=\"og:image:width\" content=\"597\" \/>\n\t<meta property=\"og:image:height\" content=\"444\" \/>\n\t<meta property=\"og:image:type\" content=\"image\/jpeg\" \/>\n<meta name=\"twitter:card\" content=\"summary_large_image\" \/>\n<meta name=\"twitter:label1\" content=\"Gesch\u00e4tzte Lesezeit\" \/>\n\t<meta name=\"twitter:data1\" content=\"1\u00a0Minute\" \/>\n<script type=\"application\/ld+json\" class=\"yoast-schema-graph\">{\"@context\":\"https:\\\/\\\/schema.org\",\"@graph\":[{\"@type\":\"WebPage\",\"@id\":\"https:\\\/\\\/maishamemafoundation.org\\\/emergency-fund\\\/\",\"url\":\"https:\\\/\\\/maishamemafoundation.org\\\/emergency-fund\\\/\",\"name\":\"Emergency Fund\u200b - Maisha Mema\",\"isPartOf\":{\"@id\":\"https:\\\/\\\/maishamemafoundation.org\\\/#website\"},\"primaryImageOfPage\":{\"@id\":\"https:\\\/\\\/maishamemafoundation.org\\\/emergency-fund\\\/#primaryimage\"},\"image\":{\"@id\":\"https:\\\/\\\/maishamemafoundation.org\\\/emergency-fund\\\/#primaryimage\"},\"thumbnailUrl\":\"https:\\\/\\\/maishamemafoundation.org\\\/wp-content\\\/uploads\\\/2025\\\/06\\\/1000069327-Copy-1.jpg\",\"datePublished\":\"2025-02-24T20:39:17+00:00\",\"dateModified\":\"2025-06-09T14:42:57+00:00\",\"inLanguage\":\"de-CH\",\"potentialAction\":[{\"@type\":\"ReadAction\",\"target\":[\"https:\\\/\\\/maishamemafoundation.org\\\/emergency-fund\\\/\"]}]},{\"@type\":\"ImageObject\",\"inLanguage\":\"de-CH\",\"@id\":\"https:\\\/\\\/maishamemafoundation.org\\\/emergency-fund\\\/#primaryimage\",\"url\":\"https:\\\/\\\/maishamemafoundation.org\\\/wp-content\\\/uploads\\\/2025\\\/06\\\/1000069327-Copy-1.jpg\",\"contentUrl\":\"https:\\\/\\\/maishamemafoundation.org\\\/wp-content\\\/uploads\\\/2025\\\/06\\\/1000069327-Copy-1.jpg\"},{\"@type\":\"WebSite\",\"@id\":\"https:\\\/\\\/maishamemafoundation.org\\\/#website\",\"url\":\"https:\\\/\\\/maishamemafoundation.org\\\/\",\"name\":\"Maisha Mema\",\"description\":\"\",\"publisher\":{\"@id\":\"https:\\\/\\\/maishamemafoundation.org\\\/#organization\"},\"potentialAction\":[{\"@type\":\"SearchAction\",\"target\":{\"@type\":\"EntryPoint\",\"urlTemplate\":\"https:\\\/\\\/maishamemafoundation.org\\\/?s={search_term_string}\"},\"query-input\":{\"@type\":\"PropertyValueSpecification\",\"valueRequired\":true,\"valueName\":\"search_term_string\"}}],\"inLanguage\":\"de-CH\"},{\"@type\":\"Organization\",\"@id\":\"https:\\\/\\\/maishamemafoundation.org\\\/#organization\",\"name\":\"Maisha Mema\",\"url\":\"https:\\\/\\\/maishamemafoundation.org\\\/\",\"logo\":{\"@type\":\"ImageObject\",\"inLanguage\":\"de-CH\",\"@id\":\"https:\\\/\\\/maishamemafoundation.org\\\/#\\\/schema\\\/logo\\\/image\\\/\",\"url\":\"https:\\\/\\\/maishamemafoundation.org\\\/wp-content\\\/uploads\\\/2020\\\/08\\\/logo.png\",\"contentUrl\":\"https:\\\/\\\/maishamemafoundation.org\\\/wp-content\\\/uploads\\\/2020\\\/08\\\/logo.png\",\"width\":832,\"height\":262,\"caption\":\"Maisha Mema\"},\"image\":{\"@id\":\"https:\\\/\\\/maishamemafoundation.org\\\/#\\\/schema\\\/logo\\\/image\\\/\"}}]}<\/script>\n<!-- \/ Yoast SEO plugin. -->","yoast_head_json":{"title":"Emergency Fund\u200b - Maisha Mema","robots":{"index":"index","follow":"follow","max-snippet":"max-snippet:-1","max-image-preview":"max-image-preview:large","max-video-preview":"max-video-preview:-1"},"canonical":"https:\/\/maishamemafoundation.org\/de\/emergency-fund\/","og_locale":"de_DE","og_type":"article","og_title":"Emergency Fund\u200b - Maisha Mema","og_description":"Emergency Fund\u200b Our emergency fund supports all patients without means of paying for their treatment. Such as chronically ill patients or those in need of a life saving operation or [&hellip;]","og_url":"https:\/\/maishamemafoundation.org\/de\/emergency-fund\/","og_site_name":"Maisha Mema","article_modified_time":"2025-06-09T14:42:57+00:00","og_image":[{"width":597,"height":444,"url":"https:\/\/maishamemafoundation.org\/wp-content\/uploads\/2025\/06\/1000069327-Copy-1.jpg","type":"image\/jpeg"}],"twitter_card":"summary_large_image","twitter_misc":{"Gesch\u00e4tzte Lesezeit":"1\u00a0Minute"},"schema":{"@context":"https:\/\/schema.org","@graph":[{"@type":"WebPage","@id":"https:\/\/maishamemafoundation.org\/emergency-fund\/","url":"https:\/\/maishamemafoundation.org\/emergency-fund\/","name":"Emergency Fund\u200b - Maisha Mema","isPartOf":{"@id":"https:\/\/maishamemafoundation.org\/#website"},"primaryImageOfPage":{"@id":"https:\/\/maishamemafoundation.org\/emergency-fund\/#primaryimage"},"image":{"@id":"https:\/\/maishamemafoundation.org\/emergency-fund\/#primaryimage"},"thumbnailUrl":"https:\/\/maishamemafoundation.org\/wp-content\/uploads\/2025\/06\/1000069327-Copy-1.jpg","datePublished":"2025-02-24T20:39:17+00:00","dateModified":"2025-06-09T14:42:57+00:00","inLanguage":"de-CH","potentialAction":[{"@type":"ReadAction","target":["https:\/\/maishamemafoundation.org\/emergency-fund\/"]}]},{"@type":"ImageObject","inLanguage":"de-CH","@id":"https:\/\/maishamemafoundation.org\/emergency-fund\/#primaryimage","url":"https:\/\/maishamemafoundation.org\/wp-content\/uploads\/2025\/06\/1000069327-Copy-1.jpg","contentUrl":"https:\/\/maishamemafoundation.org\/wp-content\/uploads\/2025\/06\/1000069327-Copy-1.jpg"},{"@type":"WebSite","@id":"https:\/\/maishamemafoundation.org\/#website","url":"https:\/\/maishamemafoundation.org\/","name":"Maisha Mema","description":"","publisher":{"@id":"https:\/\/maishamemafoundation.org\/#organization"},"potentialAction":[{"@type":"SearchAction","target":{"@type":"EntryPoint","urlTemplate":"https:\/\/maishamemafoundation.org\/?s={search_term_string}"},"query-input":{"@type":"PropertyValueSpecification","valueRequired":true,"valueName":"search_term_string"}}],"inLanguage":"de-CH"},{"@type":"Organization","@id":"https:\/\/maishamemafoundation.org\/#organization","name":"Maisha Mema","url":"https:\/\/maishamemafoundation.org\/","logo":{"@type":"ImageObject","inLanguage":"de-CH","@id":"https:\/\/maishamemafoundation.org\/#\/schema\/logo\/image\/","url":"https:\/\/maishamemafoundation.org\/wp-content\/uploads\/2020\/08\/logo.png","contentUrl":"https:\/\/maishamemafoundation.org\/wp-content\/uploads\/2020\/08\/logo.png","width":832,"height":262,"caption":"Maisha Mema"},"image":{"@id":"https:\/\/maishamemafoundation.org\/#\/schema\/logo\/image\/"}}]}},"campaignId":"","_links":{"self":[{"href":"https:\/\/maishamemafoundation.org\/de\/wp-json\/wp\/v2\/pages\/22702","targetHints":{"allow":["GET"]}}],"collection":[{"href":"https:\/\/maishamemafoundation.org\/de\/wp-json\/wp\/v2\/pages"}],"about":[{"href":"https:\/\/maishamemafoundation.org\/de\/wp-json\/wp\/v2\/types\/page"}],"author":[{"embeddable":true,"href":"https:\/\/maishamemafoundation.org\/de\/wp-json\/wp\/v2\/users\/2"}],"replies":[{"embeddable":true,"href":"https:\/\/maishamemafoundation.org\/de\/wp-json\/wp\/v2\/comments?post=22702"}],"version-history":[{"count":13,"href":"https:\/\/maishamemafoundation.org\/de\/wp-json\/wp\/v2\/pages\/22702\/revisions"}],"predecessor-version":[{"id":23053,"href":"https:\/\/maishamemafoundation.org\/de\/wp-json\/wp\/v2\/pages\/22702\/revisions\/23053"}],"wp:attachment":[{"href":"https:\/\/maishamemafoundation.org\/de\/wp-json\/wp\/v2\/media?parent=22702"}],"curies":[{"name":"wp","href":"https:\/\/api.w.org\/{rel}","templated":true}]}}