{"id":22710,"date":"2025-02-24T20:43:48","date_gmt":"2025-02-24T20:43:48","guid":{"rendered":"https:\/\/maishamemafoundation.org\/?page_id=22710"},"modified":"2025-06-09T14:54:26","modified_gmt":"2025-06-09T14:54:26","slug":"agape-clubs","status":"publish","type":"page","link":"https:\/\/maishamemafoundation.org\/de\/agape-clubs\/","title":{"rendered":"Agape Clubs\u200b"},"content":{"rendered":"<div data-elementor-type=\"wp-page\" data-elementor-id=\"22710\" class=\"elementor elementor-22710\" data-elementor-post-type=\"page\">\n\t\t\t\t<div class=\"elementor-element elementor-element-d8a7fe9 e-flex e-con-boxed e-con e-parent\" data-id=\"d8a7fe9\" data-element_type=\"container\" data-e-type=\"container\" data-settings=\"{&quot;background_background&quot;:&quot;classic&quot;}\">\n\t\t\t\t\t<div class=\"e-con-inner\">\n\t\t<div class=\"elementor-element elementor-element-ab9333b e-con-full e-flex e-con e-child\" data-id=\"ab9333b\" data-element_type=\"container\" data-e-type=\"container\">\n\t\t\t\t<div class=\"elementor-element elementor-element-7d95541 elementor-widget elementor-widget-heading\" data-id=\"7d95541\" data-element_type=\"widget\" data-e-type=\"widget\" data-widget_type=\"heading.default\">\n\t\t\t\t<div class=\"elementor-widget-container\">\n\t\t\t\t\t<h2 class=\"elementor-heading-title elementor-size-default\">Agape clubs<\/h2>\t\t\t\t<\/div>\n\t\t\t\t<\/div>\n\t\t\t\t<div class=\"elementor-element elementor-element-1a8c399 elementor-widget elementor-widget-text-editor\" data-id=\"1a8c399\" data-element_type=\"widget\" data-e-type=\"widget\" data-widget_type=\"text-editor.default\">\n\t\t\t\t<div class=\"elementor-widget-container\">\n\t\t\t\t\t\t\t\t\t<p>W\u00f6chentlich Samstags und Mittwochs bietet die Maisha Mema Dispensary routinem\u00e4ssige medizinische Untersuchungen und Physiotherapie f\u00fcr Kinder mit physischer und mentaler Behinderungen an. Dies dient auch als Plattform f\u00fcr Peer Learning unter den Erziehungsberechtigten, wo Herausforderungen angesprochen und angegangen werden. Dar\u00fcber hinaus ist es eine Gelegenheit, die Stigmatisierung von Kindern\/Familien mit solchen Kindern anzugehen<\/p>\t\t\t\t\t\t\t\t<\/div>\n\t\t\t\t<\/div>\n\t\t\t\t<div class=\"elementor-element elementor-element-e6ff4f0 elementor-widget elementor-widget-image\" data-id=\"e6ff4f0\" data-element_type=\"widget\" data-e-type=\"widget\" data-widget_type=\"image.default\">\n\t\t\t\t<div class=\"elementor-widget-container\">\n\t\t\t\t\t\t\t\t\t\t\t\t\t\t\t<img fetchpriority=\"high\" decoding=\"async\" width=\"1024\" height=\"684\" src=\"https:\/\/maishamemafoundation.org\/wp-content\/uploads\/2025\/06\/WhatsApp-Image-2025-05-03-at-09.51.29_1e7896f0-1024x684.jpg\" class=\"attachment-large size-large wp-image-23067\" alt=\"\" srcset=\"https:\/\/maishamemafoundation.org\/wp-content\/uploads\/2025\/06\/WhatsApp-Image-2025-05-03-at-09.51.29_1e7896f0-1024x684.jpg 1024w, https:\/\/maishamemafoundation.org\/wp-content\/uploads\/2025\/06\/WhatsApp-Image-2025-05-03-at-09.51.29_1e7896f0-600x401.jpg 600w, https:\/\/maishamemafoundation.org\/wp-content\/uploads\/2025\/06\/WhatsApp-Image-2025-05-03-at-09.51.29_1e7896f0-300x200.jpg 300w, https:\/\/maishamemafoundation.org\/wp-content\/uploads\/2025\/06\/WhatsApp-Image-2025-05-03-at-09.51.29_1e7896f0-768x513.jpg 768w, https:\/\/maishamemafoundation.org\/wp-content\/uploads\/2025\/06\/WhatsApp-Image-2025-05-03-at-09.51.29_1e7896f0-18x12.jpg 18w, https:\/\/maishamemafoundation.org\/wp-content\/uploads\/2025\/06\/WhatsApp-Image-2025-05-03-at-09.51.29_1e7896f0.jpg 1280w\" sizes=\"(max-width: 1024px) 100vw, 1024px\" \/>\t\t\t\t\t\t\t\t\t\t\t\t\t\t\t<\/div>\n\t\t\t\t<\/div>\n\t\t\t\t<\/div>\n\t\t\t\t\t<\/div>\n\t\t\t\t<\/div>\n\t\t\t\t<\/div>","protected":false},"excerpt":{"rendered":"<p>Agape clubs Weekly on Saturdays and Wednesdays, Maisha Mema Dispensary offers routine medical examinations and physiotherapy for children with physical and mental disabilities. This also serves as a platform for [&hellip;]<\/p>\n","protected":false},"author":2,"featured_media":0,"parent":0,"menu_order":0,"comment_status":"closed","ping_status":"closed","template":"","meta":{"_acf_changed":false,"give_campaign_id":0,"footnotes":""},"class_list":["post-22710","page","type-page","status-publish","hentry"],"acf":[],"yoast_head":"<!-- This site is optimized with the Yoast SEO plugin v27.4 - https:\/\/yoast.com\/product\/yoast-seo-wordpress\/ -->\n<title>Agape Clubs\u200b - Maisha Mema<\/title>\n<meta name=\"robots\" content=\"index, follow, max-snippet:-1, max-image-preview:large, max-video-preview:-1\" \/>\n<link rel=\"canonical\" href=\"https:\/\/maishamemafoundation.org\/de\/agape-clubs\/\" \/>\n<meta property=\"og:locale\" content=\"de_DE\" \/>\n<meta property=\"og:type\" content=\"article\" \/>\n<meta property=\"og:title\" content=\"Agape Clubs\u200b - Maisha Mema\" \/>\n<meta property=\"og:description\" content=\"Agape clubs Weekly on Saturdays and Wednesdays, Maisha Mema Dispensary offers routine medical examinations and physiotherapy for children with physical and mental disabilities. This also serves as a platform for [&hellip;]\" \/>\n<meta property=\"og:url\" content=\"https:\/\/maishamemafoundation.org\/de\/agape-clubs\/\" \/>\n<meta property=\"og:site_name\" content=\"Maisha Mema\" \/>\n<meta property=\"article:modified_time\" content=\"2025-06-09T14:54:26+00:00\" \/>\n<meta property=\"og:image\" content=\"https:\/\/maishamemafoundation.org\/wp-content\/uploads\/2025\/06\/WhatsApp-Image-2025-05-03-at-09.51.29_1e7896f0.jpg\" \/>\n\t<meta property=\"og:image:width\" content=\"1280\" \/>\n\t<meta property=\"og:image:height\" content=\"855\" \/>\n\t<meta property=\"og:image:type\" content=\"image\/jpeg\" \/>\n<meta name=\"twitter:card\" content=\"summary_large_image\" \/>\n<meta name=\"twitter:label1\" content=\"Gesch\u00e4tzte Lesezeit\" \/>\n\t<meta name=\"twitter:data1\" content=\"1\u00a0Minute\" \/>\n<script type=\"application\/ld+json\" class=\"yoast-schema-graph\">{\"@context\":\"https:\\\/\\\/schema.org\",\"@graph\":[{\"@type\":\"WebPage\",\"@id\":\"https:\\\/\\\/maishamemafoundation.org\\\/agape-clubs\\\/\",\"url\":\"https:\\\/\\\/maishamemafoundation.org\\\/agape-clubs\\\/\",\"name\":\"Agape Clubs\u200b - Maisha Mema\",\"isPartOf\":{\"@id\":\"https:\\\/\\\/maishamemafoundation.org\\\/#website\"},\"primaryImageOfPage\":{\"@id\":\"https:\\\/\\\/maishamemafoundation.org\\\/agape-clubs\\\/#primaryimage\"},\"image\":{\"@id\":\"https:\\\/\\\/maishamemafoundation.org\\\/agape-clubs\\\/#primaryimage\"},\"thumbnailUrl\":\"https:\\\/\\\/maishamemafoundation.org\\\/wp-content\\\/uploads\\\/2025\\\/06\\\/WhatsApp-Image-2025-05-03-at-09.51.29_1e7896f0-1024x684.jpg\",\"datePublished\":\"2025-02-24T20:43:48+00:00\",\"dateModified\":\"2025-06-09T14:54:26+00:00\",\"inLanguage\":\"de-CH\",\"potentialAction\":[{\"@type\":\"ReadAction\",\"target\":[\"https:\\\/\\\/maishamemafoundation.org\\\/agape-clubs\\\/\"]}]},{\"@type\":\"ImageObject\",\"inLanguage\":\"de-CH\",\"@id\":\"https:\\\/\\\/maishamemafoundation.org\\\/agape-clubs\\\/#primaryimage\",\"url\":\"https:\\\/\\\/maishamemafoundation.org\\\/wp-content\\\/uploads\\\/2025\\\/06\\\/WhatsApp-Image-2025-05-03-at-09.51.29_1e7896f0-1024x684.jpg\",\"contentUrl\":\"https:\\\/\\\/maishamemafoundation.org\\\/wp-content\\\/uploads\\\/2025\\\/06\\\/WhatsApp-Image-2025-05-03-at-09.51.29_1e7896f0-1024x684.jpg\"},{\"@type\":\"WebSite\",\"@id\":\"https:\\\/\\\/maishamemafoundation.org\\\/#website\",\"url\":\"https:\\\/\\\/maishamemafoundation.org\\\/\",\"name\":\"Maisha Mema\",\"description\":\"\",\"publisher\":{\"@id\":\"https:\\\/\\\/maishamemafoundation.org\\\/#organization\"},\"potentialAction\":[{\"@type\":\"SearchAction\",\"target\":{\"@type\":\"EntryPoint\",\"urlTemplate\":\"https:\\\/\\\/maishamemafoundation.org\\\/?s={search_term_string}\"},\"query-input\":{\"@type\":\"PropertyValueSpecification\",\"valueRequired\":true,\"valueName\":\"search_term_string\"}}],\"inLanguage\":\"de-CH\"},{\"@type\":\"Organization\",\"@id\":\"https:\\\/\\\/maishamemafoundation.org\\\/#organization\",\"name\":\"Maisha Mema\",\"url\":\"https:\\\/\\\/maishamemafoundation.org\\\/\",\"logo\":{\"@type\":\"ImageObject\",\"inLanguage\":\"de-CH\",\"@id\":\"https:\\\/\\\/maishamemafoundation.org\\\/#\\\/schema\\\/logo\\\/image\\\/\",\"url\":\"https:\\\/\\\/maishamemafoundation.org\\\/wp-content\\\/uploads\\\/2020\\\/08\\\/logo.png\",\"contentUrl\":\"https:\\\/\\\/maishamemafoundation.org\\\/wp-content\\\/uploads\\\/2020\\\/08\\\/logo.png\",\"width\":832,\"height\":262,\"caption\":\"Maisha Mema\"},\"image\":{\"@id\":\"https:\\\/\\\/maishamemafoundation.org\\\/#\\\/schema\\\/logo\\\/image\\\/\"}}]}<\/script>\n<!-- \/ Yoast SEO plugin. -->","yoast_head_json":{"title":"Agape Clubs\u200b - Maisha Mema","robots":{"index":"index","follow":"follow","max-snippet":"max-snippet:-1","max-image-preview":"max-image-preview:large","max-video-preview":"max-video-preview:-1"},"canonical":"https:\/\/maishamemafoundation.org\/de\/agape-clubs\/","og_locale":"de_DE","og_type":"article","og_title":"Agape Clubs\u200b - Maisha Mema","og_description":"Agape clubs Weekly on Saturdays and Wednesdays, Maisha Mema Dispensary offers routine medical examinations and physiotherapy for children with physical and mental disabilities. This also serves as a platform for [&hellip;]","og_url":"https:\/\/maishamemafoundation.org\/de\/agape-clubs\/","og_site_name":"Maisha Mema","article_modified_time":"2025-06-09T14:54:26+00:00","og_image":[{"width":1280,"height":855,"url":"https:\/\/maishamemafoundation.org\/wp-content\/uploads\/2025\/06\/WhatsApp-Image-2025-05-03-at-09.51.29_1e7896f0.jpg","type":"image\/jpeg"}],"twitter_card":"summary_large_image","twitter_misc":{"Gesch\u00e4tzte Lesezeit":"1\u00a0Minute"},"schema":{"@context":"https:\/\/schema.org","@graph":[{"@type":"WebPage","@id":"https:\/\/maishamemafoundation.org\/agape-clubs\/","url":"https:\/\/maishamemafoundation.org\/agape-clubs\/","name":"Agape Clubs\u200b - Maisha Mema","isPartOf":{"@id":"https:\/\/maishamemafoundation.org\/#website"},"primaryImageOfPage":{"@id":"https:\/\/maishamemafoundation.org\/agape-clubs\/#primaryimage"},"image":{"@id":"https:\/\/maishamemafoundation.org\/agape-clubs\/#primaryimage"},"thumbnailUrl":"https:\/\/maishamemafoundation.org\/wp-content\/uploads\/2025\/06\/WhatsApp-Image-2025-05-03-at-09.51.29_1e7896f0-1024x684.jpg","datePublished":"2025-02-24T20:43:48+00:00","dateModified":"2025-06-09T14:54:26+00:00","inLanguage":"de-CH","potentialAction":[{"@type":"ReadAction","target":["https:\/\/maishamemafoundation.org\/agape-clubs\/"]}]},{"@type":"ImageObject","inLanguage":"de-CH","@id":"https:\/\/maishamemafoundation.org\/agape-clubs\/#primaryimage","url":"https:\/\/maishamemafoundation.org\/wp-content\/uploads\/2025\/06\/WhatsApp-Image-2025-05-03-at-09.51.29_1e7896f0-1024x684.jpg","contentUrl":"https:\/\/maishamemafoundation.org\/wp-content\/uploads\/2025\/06\/WhatsApp-Image-2025-05-03-at-09.51.29_1e7896f0-1024x684.jpg"},{"@type":"WebSite","@id":"https:\/\/maishamemafoundation.org\/#website","url":"https:\/\/maishamemafoundation.org\/","name":"Maisha Mema","description":"","publisher":{"@id":"https:\/\/maishamemafoundation.org\/#organization"},"potentialAction":[{"@type":"SearchAction","target":{"@type":"EntryPoint","urlTemplate":"https:\/\/maishamemafoundation.org\/?s={search_term_string}"},"query-input":{"@type":"PropertyValueSpecification","valueRequired":true,"valueName":"search_term_string"}}],"inLanguage":"de-CH"},{"@type":"Organization","@id":"https:\/\/maishamemafoundation.org\/#organization","name":"Maisha Mema","url":"https:\/\/maishamemafoundation.org\/","logo":{"@type":"ImageObject","inLanguage":"de-CH","@id":"https:\/\/maishamemafoundation.org\/#\/schema\/logo\/image\/","url":"https:\/\/maishamemafoundation.org\/wp-content\/uploads\/2020\/08\/logo.png","contentUrl":"https:\/\/maishamemafoundation.org\/wp-content\/uploads\/2020\/08\/logo.png","width":832,"height":262,"caption":"Maisha Mema"},"image":{"@id":"https:\/\/maishamemafoundation.org\/#\/schema\/logo\/image\/"}}]}},"campaignId":"","_links":{"self":[{"href":"https:\/\/maishamemafoundation.org\/de\/wp-json\/wp\/v2\/pages\/22710","targetHints":{"allow":["GET"]}}],"collection":[{"href":"https:\/\/maishamemafoundation.org\/de\/wp-json\/wp\/v2\/pages"}],"about":[{"href":"https:\/\/maishamemafoundation.org\/de\/wp-json\/wp\/v2\/types\/page"}],"author":[{"embeddable":true,"href":"https:\/\/maishamemafoundation.org\/de\/wp-json\/wp\/v2\/users\/2"}],"replies":[{"embeddable":true,"href":"https:\/\/maishamemafoundation.org\/de\/wp-json\/wp\/v2\/comments?post=22710"}],"version-history":[{"count":10,"href":"https:\/\/maishamemafoundation.org\/de\/wp-json\/wp\/v2\/pages\/22710\/revisions"}],"predecessor-version":[{"id":23070,"href":"https:\/\/maishamemafoundation.org\/de\/wp-json\/wp\/v2\/pages\/22710\/revisions\/23070"}],"wp:attachment":[{"href":"https:\/\/maishamemafoundation.org\/de\/wp-json\/wp\/v2\/media?parent=22710"}],"curies":[{"name":"wp","href":"https:\/\/api.w.org\/{rel}","templated":true}]}}