{"id":22722,"date":"2025-02-24T20:49:38","date_gmt":"2025-02-24T20:49:38","guid":{"rendered":"https:\/\/maishamemafoundation.org\/?page_id=22722"},"modified":"2025-06-10T09:17:19","modified_gmt":"2025-06-10T09:17:19","slug":"palliative-care","status":"publish","type":"page","link":"https:\/\/maishamemafoundation.org\/de\/palliative-care\/","title":{"rendered":"Palliative Care"},"content":{"rendered":"<div data-elementor-type=\"wp-page\" data-elementor-id=\"22722\" class=\"elementor elementor-22722\" data-elementor-post-type=\"page\">\n\t\t\t\t<div class=\"elementor-element elementor-element-4f6ba95 e-flex e-con-boxed e-con e-parent\" data-id=\"4f6ba95\" data-element_type=\"container\" data-e-type=\"container\" data-settings=\"{&quot;background_background&quot;:&quot;classic&quot;}\">\n\t\t\t\t\t<div class=\"e-con-inner\">\n\t\t<div class=\"elementor-element elementor-element-f5c09db e-con-full e-flex e-con e-child\" data-id=\"f5c09db\" data-element_type=\"container\" data-e-type=\"container\">\n\t\t\t\t<div class=\"elementor-element elementor-element-4261b3f elementor-widget elementor-widget-heading\" data-id=\"4261b3f\" data-element_type=\"widget\" data-e-type=\"widget\" data-widget_type=\"heading.default\">\n\t\t\t\t<div class=\"elementor-widget-container\">\n\t\t\t\t\t<h2 class=\"elementor-heading-title elementor-size-default\">Palliative Care<\/h2>\t\t\t\t<\/div>\n\t\t\t\t<\/div>\n\t\t\t\t<div class=\"elementor-element elementor-element-0517756 elementor-widget elementor-widget-text-editor\" data-id=\"0517756\" data-element_type=\"widget\" data-e-type=\"widget\" data-widget_type=\"text-editor.default\">\n\t\t\t\t<div class=\"elementor-widget-container\">\n\t\t\t\t\t\t\t\t\t<p>In unserem Palliativpflegeprogramm betreuen wir Patientinnen und Patienten, die an einer unheilbaren Krankheit leiden oder sich am Lebensende befinden. Wir bieten ihnen umfassende medizinische Versorgung, Beratung und materielle Unterst\u00fctzung. Monatlich treffen sich Pflegekr\u00e4fte in einer von Maisha Mema organisierten Gruppe (Namens Echogruppe), um Herausforderungen der Palliativpflege zu diskutieren oder um ihnen wichtige Tipps f\u00fcr eine bessere h\u00e4usliche Pflege weiterzugeben. Zuk\u00fcnftig soll die Gruppe auch die Dorfbewohner aufkl\u00e4ren und f\u00fcr Palliativpflege sensibilisieren.\u00a0<\/p>\t\t\t\t\t\t\t\t<\/div>\n\t\t\t\t<\/div>\n\t\t\t\t<div class=\"elementor-element elementor-element-14d0daa elementor-widget elementor-widget-image\" data-id=\"14d0daa\" data-element_type=\"widget\" data-e-type=\"widget\" data-widget_type=\"image.default\">\n\t\t\t\t<div class=\"elementor-widget-container\">\n\t\t\t\t\t\t\t\t\t\t\t\t\t\t\t<img fetchpriority=\"high\" decoding=\"async\" width=\"800\" height=\"534\" src=\"https:\/\/maishamemafoundation.org\/wp-content\/uploads\/2025\/06\/1000072103.jpg\" class=\"attachment-large size-large wp-image-23125\" alt=\"\" srcset=\"https:\/\/maishamemafoundation.org\/wp-content\/uploads\/2025\/06\/1000072103.jpg 800w, https:\/\/maishamemafoundation.org\/wp-content\/uploads\/2025\/06\/1000072103-600x401.jpg 600w, https:\/\/maishamemafoundation.org\/wp-content\/uploads\/2025\/06\/1000072103-300x200.jpg 300w, https:\/\/maishamemafoundation.org\/wp-content\/uploads\/2025\/06\/1000072103-768x513.jpg 768w, https:\/\/maishamemafoundation.org\/wp-content\/uploads\/2025\/06\/1000072103-18x12.jpg 18w\" sizes=\"(max-width: 800px) 100vw, 800px\" \/>\t\t\t\t\t\t\t\t\t\t\t\t\t\t\t<\/div>\n\t\t\t\t<\/div>\n\t\t\t\t<\/div>\n\t\t\t\t\t<\/div>\n\t\t\t\t<\/div>\n\t\t\t\t<\/div>","protected":false},"excerpt":{"rendered":"<p>Palliative Care In our Palliative care Program we care for those patients, who are suffering from any uncurable disease or reach their end of life stage. We provide for them [&hellip;]<\/p>\n","protected":false},"author":2,"featured_media":0,"parent":0,"menu_order":0,"comment_status":"closed","ping_status":"closed","template":"","meta":{"_acf_changed":false,"give_campaign_id":0,"footnotes":""},"class_list":["post-22722","page","type-page","status-publish","hentry"],"acf":[],"yoast_head":"<!-- This site is optimized with the Yoast SEO plugin v27.4 - https:\/\/yoast.com\/product\/yoast-seo-wordpress\/ -->\n<title>Palliative Care - Maisha Mema<\/title>\n<meta name=\"robots\" content=\"index, follow, max-snippet:-1, max-image-preview:large, max-video-preview:-1\" \/>\n<link rel=\"canonical\" href=\"https:\/\/maishamemafoundation.org\/de\/palliative-care\/\" \/>\n<meta property=\"og:locale\" content=\"de_DE\" \/>\n<meta property=\"og:type\" content=\"article\" \/>\n<meta property=\"og:title\" content=\"Palliative Care - Maisha Mema\" \/>\n<meta property=\"og:description\" content=\"Palliative Care In our Palliative care Program we care for those patients, who are suffering from any uncurable disease or reach their end of life stage. We provide for them [&hellip;]\" \/>\n<meta property=\"og:url\" content=\"https:\/\/maishamemafoundation.org\/de\/palliative-care\/\" \/>\n<meta property=\"og:site_name\" content=\"Maisha Mema\" \/>\n<meta property=\"article:modified_time\" content=\"2025-06-10T09:17:19+00:00\" \/>\n<meta property=\"og:image\" content=\"https:\/\/maishamemafoundation.org\/wp-content\/uploads\/2025\/06\/1000072103.jpg\" \/>\n\t<meta property=\"og:image:width\" content=\"800\" \/>\n\t<meta property=\"og:image:height\" content=\"534\" \/>\n\t<meta property=\"og:image:type\" content=\"image\/jpeg\" \/>\n<meta name=\"twitter:card\" content=\"summary_large_image\" \/>\n<meta name=\"twitter:label1\" content=\"Gesch\u00e4tzte Lesezeit\" \/>\n\t<meta name=\"twitter:data1\" content=\"1\u00a0Minute\" \/>\n<script type=\"application\/ld+json\" class=\"yoast-schema-graph\">{\"@context\":\"https:\\\/\\\/schema.org\",\"@graph\":[{\"@type\":\"WebPage\",\"@id\":\"https:\\\/\\\/maishamemafoundation.org\\\/palliative-care\\\/\",\"url\":\"https:\\\/\\\/maishamemafoundation.org\\\/palliative-care\\\/\",\"name\":\"Palliative Care - Maisha Mema\",\"isPartOf\":{\"@id\":\"https:\\\/\\\/maishamemafoundation.org\\\/#website\"},\"primaryImageOfPage\":{\"@id\":\"https:\\\/\\\/maishamemafoundation.org\\\/palliative-care\\\/#primaryimage\"},\"image\":{\"@id\":\"https:\\\/\\\/maishamemafoundation.org\\\/palliative-care\\\/#primaryimage\"},\"thumbnailUrl\":\"https:\\\/\\\/maishamemafoundation.org\\\/wp-content\\\/uploads\\\/2025\\\/06\\\/1000072103.jpg\",\"datePublished\":\"2025-02-24T20:49:38+00:00\",\"dateModified\":\"2025-06-10T09:17:19+00:00\",\"inLanguage\":\"de-CH\",\"potentialAction\":[{\"@type\":\"ReadAction\",\"target\":[\"https:\\\/\\\/maishamemafoundation.org\\\/palliative-care\\\/\"]}]},{\"@type\":\"ImageObject\",\"inLanguage\":\"de-CH\",\"@id\":\"https:\\\/\\\/maishamemafoundation.org\\\/palliative-care\\\/#primaryimage\",\"url\":\"https:\\\/\\\/maishamemafoundation.org\\\/wp-content\\\/uploads\\\/2025\\\/06\\\/1000072103.jpg\",\"contentUrl\":\"https:\\\/\\\/maishamemafoundation.org\\\/wp-content\\\/uploads\\\/2025\\\/06\\\/1000072103.jpg\"},{\"@type\":\"WebSite\",\"@id\":\"https:\\\/\\\/maishamemafoundation.org\\\/#website\",\"url\":\"https:\\\/\\\/maishamemafoundation.org\\\/\",\"name\":\"Maisha Mema\",\"description\":\"\",\"publisher\":{\"@id\":\"https:\\\/\\\/maishamemafoundation.org\\\/#organization\"},\"potentialAction\":[{\"@type\":\"SearchAction\",\"target\":{\"@type\":\"EntryPoint\",\"urlTemplate\":\"https:\\\/\\\/maishamemafoundation.org\\\/?s={search_term_string}\"},\"query-input\":{\"@type\":\"PropertyValueSpecification\",\"valueRequired\":true,\"valueName\":\"search_term_string\"}}],\"inLanguage\":\"de-CH\"},{\"@type\":\"Organization\",\"@id\":\"https:\\\/\\\/maishamemafoundation.org\\\/#organization\",\"name\":\"Maisha Mema\",\"url\":\"https:\\\/\\\/maishamemafoundation.org\\\/\",\"logo\":{\"@type\":\"ImageObject\",\"inLanguage\":\"de-CH\",\"@id\":\"https:\\\/\\\/maishamemafoundation.org\\\/#\\\/schema\\\/logo\\\/image\\\/\",\"url\":\"https:\\\/\\\/maishamemafoundation.org\\\/wp-content\\\/uploads\\\/2020\\\/08\\\/logo.png\",\"contentUrl\":\"https:\\\/\\\/maishamemafoundation.org\\\/wp-content\\\/uploads\\\/2020\\\/08\\\/logo.png\",\"width\":832,\"height\":262,\"caption\":\"Maisha Mema\"},\"image\":{\"@id\":\"https:\\\/\\\/maishamemafoundation.org\\\/#\\\/schema\\\/logo\\\/image\\\/\"}}]}<\/script>\n<!-- \/ Yoast SEO plugin. -->","yoast_head_json":{"title":"Palliative Care - Maisha Mema","robots":{"index":"index","follow":"follow","max-snippet":"max-snippet:-1","max-image-preview":"max-image-preview:large","max-video-preview":"max-video-preview:-1"},"canonical":"https:\/\/maishamemafoundation.org\/de\/palliative-care\/","og_locale":"de_DE","og_type":"article","og_title":"Palliative Care - Maisha Mema","og_description":"Palliative Care In our Palliative care Program we care for those patients, who are suffering from any uncurable disease or reach their end of life stage. We provide for them [&hellip;]","og_url":"https:\/\/maishamemafoundation.org\/de\/palliative-care\/","og_site_name":"Maisha Mema","article_modified_time":"2025-06-10T09:17:19+00:00","og_image":[{"width":800,"height":534,"url":"https:\/\/maishamemafoundation.org\/wp-content\/uploads\/2025\/06\/1000072103.jpg","type":"image\/jpeg"}],"twitter_card":"summary_large_image","twitter_misc":{"Gesch\u00e4tzte Lesezeit":"1\u00a0Minute"},"schema":{"@context":"https:\/\/schema.org","@graph":[{"@type":"WebPage","@id":"https:\/\/maishamemafoundation.org\/palliative-care\/","url":"https:\/\/maishamemafoundation.org\/palliative-care\/","name":"Palliative Care - Maisha Mema","isPartOf":{"@id":"https:\/\/maishamemafoundation.org\/#website"},"primaryImageOfPage":{"@id":"https:\/\/maishamemafoundation.org\/palliative-care\/#primaryimage"},"image":{"@id":"https:\/\/maishamemafoundation.org\/palliative-care\/#primaryimage"},"thumbnailUrl":"https:\/\/maishamemafoundation.org\/wp-content\/uploads\/2025\/06\/1000072103.jpg","datePublished":"2025-02-24T20:49:38+00:00","dateModified":"2025-06-10T09:17:19+00:00","inLanguage":"de-CH","potentialAction":[{"@type":"ReadAction","target":["https:\/\/maishamemafoundation.org\/palliative-care\/"]}]},{"@type":"ImageObject","inLanguage":"de-CH","@id":"https:\/\/maishamemafoundation.org\/palliative-care\/#primaryimage","url":"https:\/\/maishamemafoundation.org\/wp-content\/uploads\/2025\/06\/1000072103.jpg","contentUrl":"https:\/\/maishamemafoundation.org\/wp-content\/uploads\/2025\/06\/1000072103.jpg"},{"@type":"WebSite","@id":"https:\/\/maishamemafoundation.org\/#website","url":"https:\/\/maishamemafoundation.org\/","name":"Maisha Mema","description":"","publisher":{"@id":"https:\/\/maishamemafoundation.org\/#organization"},"potentialAction":[{"@type":"SearchAction","target":{"@type":"EntryPoint","urlTemplate":"https:\/\/maishamemafoundation.org\/?s={search_term_string}"},"query-input":{"@type":"PropertyValueSpecification","valueRequired":true,"valueName":"search_term_string"}}],"inLanguage":"de-CH"},{"@type":"Organization","@id":"https:\/\/maishamemafoundation.org\/#organization","name":"Maisha Mema","url":"https:\/\/maishamemafoundation.org\/","logo":{"@type":"ImageObject","inLanguage":"de-CH","@id":"https:\/\/maishamemafoundation.org\/#\/schema\/logo\/image\/","url":"https:\/\/maishamemafoundation.org\/wp-content\/uploads\/2020\/08\/logo.png","contentUrl":"https:\/\/maishamemafoundation.org\/wp-content\/uploads\/2020\/08\/logo.png","width":832,"height":262,"caption":"Maisha Mema"},"image":{"@id":"https:\/\/maishamemafoundation.org\/#\/schema\/logo\/image\/"}}]}},"campaignId":"","_links":{"self":[{"href":"https:\/\/maishamemafoundation.org\/de\/wp-json\/wp\/v2\/pages\/22722","targetHints":{"allow":["GET"]}}],"collection":[{"href":"https:\/\/maishamemafoundation.org\/de\/wp-json\/wp\/v2\/pages"}],"about":[{"href":"https:\/\/maishamemafoundation.org\/de\/wp-json\/wp\/v2\/types\/page"}],"author":[{"embeddable":true,"href":"https:\/\/maishamemafoundation.org\/de\/wp-json\/wp\/v2\/users\/2"}],"replies":[{"embeddable":true,"href":"https:\/\/maishamemafoundation.org\/de\/wp-json\/wp\/v2\/comments?post=22722"}],"version-history":[{"count":13,"href":"https:\/\/maishamemafoundation.org\/de\/wp-json\/wp\/v2\/pages\/22722\/revisions"}],"predecessor-version":[{"id":23128,"href":"https:\/\/maishamemafoundation.org\/de\/wp-json\/wp\/v2\/pages\/22722\/revisions\/23128"}],"wp:attachment":[{"href":"https:\/\/maishamemafoundation.org\/de\/wp-json\/wp\/v2\/media?parent=22722"}],"curies":[{"name":"wp","href":"https:\/\/api.w.org\/{rel}","templated":true}]}}