{"id":22750,"date":"2025-02-24T21:47:11","date_gmt":"2025-02-24T21:47:11","guid":{"rendered":"https:\/\/maishamemafoundation.org\/?page_id=22750"},"modified":"2025-06-10T09:41:25","modified_gmt":"2025-06-10T09:41:25","slug":"development-work","status":"publish","type":"page","link":"https:\/\/maishamemafoundation.org\/de\/development-work\/","title":{"rendered":"Development work"},"content":{"rendered":"<div data-elementor-type=\"wp-page\" data-elementor-id=\"22750\" class=\"elementor elementor-22750\" data-elementor-post-type=\"page\">\n\t\t\t\t<div class=\"elementor-element elementor-element-af12e8f e-flex e-con-boxed e-con e-parent\" data-id=\"af12e8f\" data-element_type=\"container\" data-e-type=\"container\" data-settings=\"{&quot;background_background&quot;:&quot;classic&quot;}\">\n\t\t\t\t\t<div class=\"e-con-inner\">\n\t\t<div class=\"elementor-element elementor-element-9c463fa e-con-full e-flex e-con e-child\" data-id=\"9c463fa\" data-element_type=\"container\" data-e-type=\"container\">\n\t\t\t\t<div class=\"elementor-element elementor-element-36e6aa0 elementor-widget elementor-widget-heading\" data-id=\"36e6aa0\" data-element_type=\"widget\" data-e-type=\"widget\" data-widget_type=\"heading.default\">\n\t\t\t\t<div class=\"elementor-widget-container\">\n\t\t\t\t\t<h2 class=\"elementor-heading-title elementor-size-default\">Entwicklungsarbeit<\/h2>\t\t\t\t<\/div>\n\t\t\t\t<\/div>\n\t\t\t\t<div class=\"elementor-element elementor-element-410845d elementor-widget elementor-widget-text-editor\" data-id=\"410845d\" data-element_type=\"widget\" data-e-type=\"widget\" data-widget_type=\"text-editor.default\">\n\t\t\t\t<div class=\"elementor-widget-container\">\n\t\t\t\t\t\t\t\t\t<p>Viele kritisch oder chronisch kranke Patienten leiden unter unzureichenden Ressourcen und mangelndem Zugang, um ihre t\u00e4glichen Grundbed\u00fcrfnisse zu decken. Maisha Mema reagiert auf diese Notlage mit Mikrokrediten und Unterst\u00fctzung von Gesch\u00e4ftsideen f\u00fcr Patient\/innen und ihre Familien, um ihre Einkommensgenerierung zu steigern und die Abh\u00e4ngigkeit von Almosen zu bek\u00e4mpfen. Ebenfalls unterst\u00fctzt Maisha Mema v\u00f6llig mittellose Menschen in Not mit w\u00f6chentlichen Essenspaketen<\/p>\t\t\t\t\t\t\t\t<\/div>\n\t\t\t\t<\/div>\n\t\t\t\t<div class=\"elementor-element elementor-element-abc6f3b elementor-widget elementor-widget-image\" data-id=\"abc6f3b\" data-element_type=\"widget\" data-e-type=\"widget\" data-widget_type=\"image.default\">\n\t\t\t\t<div class=\"elementor-widget-container\">\n\t\t\t\t\t\t\t\t\t\t\t\t\t\t\t<img fetchpriority=\"high\" decoding=\"async\" width=\"512\" height=\"384\" src=\"https:\/\/maishamemafoundation.org\/wp-content\/uploads\/2025\/06\/1000071915.jpg\" class=\"attachment-large size-large wp-image-23138\" alt=\"\" srcset=\"https:\/\/maishamemafoundation.org\/wp-content\/uploads\/2025\/06\/1000071915.jpg 512w, https:\/\/maishamemafoundation.org\/wp-content\/uploads\/2025\/06\/1000071915-300x225.jpg 300w, https:\/\/maishamemafoundation.org\/wp-content\/uploads\/2025\/06\/1000071915-16x12.jpg 16w\" sizes=\"(max-width: 512px) 100vw, 512px\" \/>\t\t\t\t\t\t\t\t\t\t\t\t\t\t\t<\/div>\n\t\t\t\t<\/div>\n\t\t\t\t<\/div>\n\t\t\t\t\t<\/div>\n\t\t\t\t<\/div>\n\t\t\t\t<\/div>","protected":false},"excerpt":{"rendered":"<p>Development Work Many critically or chronically ill patients suffer from inadequate resources and access to meet their basic daily needs. Maisha Mema is responding to this emergency by providing microcredit [&hellip;]<\/p>\n","protected":false},"author":2,"featured_media":0,"parent":0,"menu_order":0,"comment_status":"closed","ping_status":"closed","template":"","meta":{"_acf_changed":false,"give_campaign_id":0,"footnotes":""},"class_list":["post-22750","page","type-page","status-publish","hentry"],"acf":[],"yoast_head":"<!-- This site is optimized with the Yoast SEO plugin v27.5 - https:\/\/yoast.com\/product\/yoast-seo-wordpress\/ -->\n<title>Development work - Maisha Mema<\/title>\n<meta name=\"robots\" content=\"index, follow, max-snippet:-1, max-image-preview:large, max-video-preview:-1\" \/>\n<link rel=\"canonical\" href=\"https:\/\/maishamemafoundation.org\/de\/development-work\/\" \/>\n<meta property=\"og:locale\" content=\"de_DE\" \/>\n<meta property=\"og:type\" content=\"article\" \/>\n<meta property=\"og:title\" content=\"Development work - Maisha Mema\" \/>\n<meta property=\"og:description\" content=\"Development Work Many critically or chronically ill patients suffer from inadequate resources and access to meet their basic daily needs. Maisha Mema is responding to this emergency by providing microcredit [&hellip;]\" \/>\n<meta property=\"og:url\" content=\"https:\/\/maishamemafoundation.org\/de\/development-work\/\" \/>\n<meta property=\"og:site_name\" content=\"Maisha Mema\" \/>\n<meta property=\"article:modified_time\" content=\"2025-06-10T09:41:25+00:00\" \/>\n<meta property=\"og:image\" content=\"https:\/\/maishamemafoundation.org\/wp-content\/uploads\/2025\/06\/1000071915.jpg\" \/>\n\t<meta property=\"og:image:width\" content=\"512\" \/>\n\t<meta property=\"og:image:height\" content=\"384\" \/>\n\t<meta property=\"og:image:type\" content=\"image\/jpeg\" \/>\n<meta name=\"twitter:card\" content=\"summary_large_image\" \/>\n<meta name=\"twitter:label1\" content=\"Gesch\u00e4tzte Lesezeit\" \/>\n\t<meta name=\"twitter:data1\" content=\"1\u00a0Minute\" \/>\n<script type=\"application\/ld+json\" class=\"yoast-schema-graph\">{\"@context\":\"https:\\\/\\\/schema.org\",\"@graph\":[{\"@type\":\"WebPage\",\"@id\":\"https:\\\/\\\/maishamemafoundation.org\\\/development-work\\\/\",\"url\":\"https:\\\/\\\/maishamemafoundation.org\\\/development-work\\\/\",\"name\":\"Development work - Maisha Mema\",\"isPartOf\":{\"@id\":\"https:\\\/\\\/maishamemafoundation.org\\\/#website\"},\"primaryImageOfPage\":{\"@id\":\"https:\\\/\\\/maishamemafoundation.org\\\/development-work\\\/#primaryimage\"},\"image\":{\"@id\":\"https:\\\/\\\/maishamemafoundation.org\\\/development-work\\\/#primaryimage\"},\"thumbnailUrl\":\"https:\\\/\\\/maishamemafoundation.org\\\/wp-content\\\/uploads\\\/2025\\\/06\\\/1000071915.jpg\",\"datePublished\":\"2025-02-24T21:47:11+00:00\",\"dateModified\":\"2025-06-10T09:41:25+00:00\",\"inLanguage\":\"de-CH\",\"potentialAction\":[{\"@type\":\"ReadAction\",\"target\":[\"https:\\\/\\\/maishamemafoundation.org\\\/development-work\\\/\"]}]},{\"@type\":\"ImageObject\",\"inLanguage\":\"de-CH\",\"@id\":\"https:\\\/\\\/maishamemafoundation.org\\\/development-work\\\/#primaryimage\",\"url\":\"https:\\\/\\\/maishamemafoundation.org\\\/wp-content\\\/uploads\\\/2025\\\/06\\\/1000071915.jpg\",\"contentUrl\":\"https:\\\/\\\/maishamemafoundation.org\\\/wp-content\\\/uploads\\\/2025\\\/06\\\/1000071915.jpg\"},{\"@type\":\"WebSite\",\"@id\":\"https:\\\/\\\/maishamemafoundation.org\\\/#website\",\"url\":\"https:\\\/\\\/maishamemafoundation.org\\\/\",\"name\":\"Maisha Mema\",\"description\":\"\",\"publisher\":{\"@id\":\"https:\\\/\\\/maishamemafoundation.org\\\/#organization\"},\"potentialAction\":[{\"@type\":\"SearchAction\",\"target\":{\"@type\":\"EntryPoint\",\"urlTemplate\":\"https:\\\/\\\/maishamemafoundation.org\\\/?s={search_term_string}\"},\"query-input\":{\"@type\":\"PropertyValueSpecification\",\"valueRequired\":true,\"valueName\":\"search_term_string\"}}],\"inLanguage\":\"de-CH\"},{\"@type\":\"Organization\",\"@id\":\"https:\\\/\\\/maishamemafoundation.org\\\/#organization\",\"name\":\"Maisha Mema\",\"url\":\"https:\\\/\\\/maishamemafoundation.org\\\/\",\"logo\":{\"@type\":\"ImageObject\",\"inLanguage\":\"de-CH\",\"@id\":\"https:\\\/\\\/maishamemafoundation.org\\\/#\\\/schema\\\/logo\\\/image\\\/\",\"url\":\"https:\\\/\\\/maishamemafoundation.org\\\/wp-content\\\/uploads\\\/2020\\\/08\\\/logo.png\",\"contentUrl\":\"https:\\\/\\\/maishamemafoundation.org\\\/wp-content\\\/uploads\\\/2020\\\/08\\\/logo.png\",\"width\":832,\"height\":262,\"caption\":\"Maisha Mema\"},\"image\":{\"@id\":\"https:\\\/\\\/maishamemafoundation.org\\\/#\\\/schema\\\/logo\\\/image\\\/\"}}]}<\/script>\n<!-- \/ Yoast SEO plugin. -->","yoast_head_json":{"title":"Development work - Maisha Mema","robots":{"index":"index","follow":"follow","max-snippet":"max-snippet:-1","max-image-preview":"max-image-preview:large","max-video-preview":"max-video-preview:-1"},"canonical":"https:\/\/maishamemafoundation.org\/de\/development-work\/","og_locale":"de_DE","og_type":"article","og_title":"Development work - Maisha Mema","og_description":"Development Work Many critically or chronically ill patients suffer from inadequate resources and access to meet their basic daily needs. Maisha Mema is responding to this emergency by providing microcredit [&hellip;]","og_url":"https:\/\/maishamemafoundation.org\/de\/development-work\/","og_site_name":"Maisha Mema","article_modified_time":"2025-06-10T09:41:25+00:00","og_image":[{"width":512,"height":384,"url":"https:\/\/maishamemafoundation.org\/wp-content\/uploads\/2025\/06\/1000071915.jpg","type":"image\/jpeg"}],"twitter_card":"summary_large_image","twitter_misc":{"Gesch\u00e4tzte Lesezeit":"1\u00a0Minute"},"schema":{"@context":"https:\/\/schema.org","@graph":[{"@type":"WebPage","@id":"https:\/\/maishamemafoundation.org\/development-work\/","url":"https:\/\/maishamemafoundation.org\/development-work\/","name":"Development work - Maisha Mema","isPartOf":{"@id":"https:\/\/maishamemafoundation.org\/#website"},"primaryImageOfPage":{"@id":"https:\/\/maishamemafoundation.org\/development-work\/#primaryimage"},"image":{"@id":"https:\/\/maishamemafoundation.org\/development-work\/#primaryimage"},"thumbnailUrl":"https:\/\/maishamemafoundation.org\/wp-content\/uploads\/2025\/06\/1000071915.jpg","datePublished":"2025-02-24T21:47:11+00:00","dateModified":"2025-06-10T09:41:25+00:00","inLanguage":"de-CH","potentialAction":[{"@type":"ReadAction","target":["https:\/\/maishamemafoundation.org\/development-work\/"]}]},{"@type":"ImageObject","inLanguage":"de-CH","@id":"https:\/\/maishamemafoundation.org\/development-work\/#primaryimage","url":"https:\/\/maishamemafoundation.org\/wp-content\/uploads\/2025\/06\/1000071915.jpg","contentUrl":"https:\/\/maishamemafoundation.org\/wp-content\/uploads\/2025\/06\/1000071915.jpg"},{"@type":"WebSite","@id":"https:\/\/maishamemafoundation.org\/#website","url":"https:\/\/maishamemafoundation.org\/","name":"Maisha Mema","description":"","publisher":{"@id":"https:\/\/maishamemafoundation.org\/#organization"},"potentialAction":[{"@type":"SearchAction","target":{"@type":"EntryPoint","urlTemplate":"https:\/\/maishamemafoundation.org\/?s={search_term_string}"},"query-input":{"@type":"PropertyValueSpecification","valueRequired":true,"valueName":"search_term_string"}}],"inLanguage":"de-CH"},{"@type":"Organization","@id":"https:\/\/maishamemafoundation.org\/#organization","name":"Maisha Mema","url":"https:\/\/maishamemafoundation.org\/","logo":{"@type":"ImageObject","inLanguage":"de-CH","@id":"https:\/\/maishamemafoundation.org\/#\/schema\/logo\/image\/","url":"https:\/\/maishamemafoundation.org\/wp-content\/uploads\/2020\/08\/logo.png","contentUrl":"https:\/\/maishamemafoundation.org\/wp-content\/uploads\/2020\/08\/logo.png","width":832,"height":262,"caption":"Maisha Mema"},"image":{"@id":"https:\/\/maishamemafoundation.org\/#\/schema\/logo\/image\/"}}]}},"campaignId":"","_links":{"self":[{"href":"https:\/\/maishamemafoundation.org\/de\/wp-json\/wp\/v2\/pages\/22750","targetHints":{"allow":["GET"]}}],"collection":[{"href":"https:\/\/maishamemafoundation.org\/de\/wp-json\/wp\/v2\/pages"}],"about":[{"href":"https:\/\/maishamemafoundation.org\/de\/wp-json\/wp\/v2\/types\/page"}],"author":[{"embeddable":true,"href":"https:\/\/maishamemafoundation.org\/de\/wp-json\/wp\/v2\/users\/2"}],"replies":[{"embeddable":true,"href":"https:\/\/maishamemafoundation.org\/de\/wp-json\/wp\/v2\/comments?post=22750"}],"version-history":[{"count":13,"href":"https:\/\/maishamemafoundation.org\/de\/wp-json\/wp\/v2\/pages\/22750\/revisions"}],"predecessor-version":[{"id":23141,"href":"https:\/\/maishamemafoundation.org\/de\/wp-json\/wp\/v2\/pages\/22750\/revisions\/23141"}],"wp:attachment":[{"href":"https:\/\/maishamemafoundation.org\/de\/wp-json\/wp\/v2\/media?parent=22750"}],"curies":[{"name":"wp","href":"https:\/\/api.w.org\/{rel}","templated":true}]}}